{"id":8,"date":"2018-10-20T08:35:52","date_gmt":"2018-10-20T08:35:52","guid":{"rendered":"https:\/\/szalmahazak.hu\/?page_id=8"},"modified":"2018-10-21T10:44:20","modified_gmt":"2018-10-21T10:44:20","slug":"rolunk","status":"publish","type":"page","link":"https:\/\/szalmahazak.hu\/index.php\/rolunk\/","title":{"rendered":"R\u00f3lunk"},"content":{"rendered":"<p>Nagy Hum\u00e1n K+F Szoci\u00e1lis Sz\u00f6vetkezet 2013-ben alakult.<\/p>\n<p>C\u00e9lunk k\u00f6lts\u00e9ghat\u00e9kony, illetve energiatakar\u00e9kos csal\u00e1di h\u00e1zak, gazdas\u00e1gi \u00e9p\u00fcletek kivitelez\u00e9se.<\/p>\n<p>Aj\u00e1nljuk azoknak, akik szeretn\u00e9nek egy\u00e9ni, bar\u00e1ts\u00e1gos k\u00f6rnyezetet maguk sz\u00e1m\u00e1ra; akik nem szeretn\u00e9nek magas energia sz\u00e1ml\u00e1kat; \u00e9s akik meg\u00fajul\u00f3 energia forr\u00e1sokat alkalmazn\u00e1nak.<\/p>\n<div id=\"themify_builder_content-8\" data-postid=\"8\" class=\"themify_builder_content themify_builder_content-8 themify_builder\">\n\n    \t\t\t\t<!-- module_row -->\n\t\t<div  class=\"themify_builder_row module_row clearfix module_row_0 themify_builder_8_row module_row_8-0\">\n\t\t\t\t\t\t<div class=\"row_inner col_align_top\" >\n                            \n\t\t<div  class=\"module_column tb-column col-full first tb_8_column module_column_0 module_column_8-0-0\" >\n                                                                <div class=\"tb-column-inner\">\n                            \n\n    <!-- module divider -->\n    <div  id=\"divider-8-0-0-0\" class=\"module module-divider divider-8-0-0-0 solid    \" style=\"border-width: 1px;border-color: #000000;margin-top: 40px;margin-bottom: 200px;\">\n        <!--insert-->\n            <\/div>\n    <!-- \/module divider -->\n\n                        <\/div>\n                    \t\t<\/div>\n\t\t                                <\/div>\n                                <!-- \/row_inner -->\n                        <\/div>\n                        <!-- \/module_row -->\n\t\t<\/div>\n<!-- \/themify_builder_content -->","protected":false},"excerpt":{"rendered":"<p>Nagy Hum\u00e1n K+F Szoci\u00e1lis Sz\u00f6vetkezet 2013-ben alakult. C\u00e9lunk k\u00f6lts\u00e9ghat\u00e9kony, illetve energiatakar\u00e9kos csal\u00e1di h\u00e1zak, gazdas\u00e1gi \u00e9p\u00fcletek kivitelez\u00e9se. Aj\u00e1nljuk azoknak, akik szeretn\u00e9nek egy\u00e9ni, bar\u00e1ts\u00e1gos k\u00f6rnyezetet maguk sz\u00e1m\u00e1ra; akik nem szeretn\u00e9nek magas energia sz\u00e1ml\u00e1kat; \u00e9s akik meg\u00fajul\u00f3 energia forr\u00e1sokat alkalmazn\u00e1nak.<\/p>\n","protected":false},"author":1,"featured_media":0,"parent":0,"menu_order":0,"comment_status":"closed","ping_status":"closed","template":"","meta":[],"_links":{"self":[{"href":"https:\/\/szalmahazak.hu\/index.php\/wp-json\/wp\/v2\/pages\/8"}],"collection":[{"href":"https:\/\/szalmahazak.hu\/index.php\/wp-json\/wp\/v2\/pages"}],"about":[{"href":"https:\/\/szalmahazak.hu\/index.php\/wp-json\/wp\/v2\/types\/page"}],"author":[{"embeddable":true,"href":"https:\/\/szalmahazak.hu\/index.php\/wp-json\/wp\/v2\/users\/1"}],"replies":[{"embeddable":true,"href":"https:\/\/szalmahazak.hu\/index.php\/wp-json\/wp\/v2\/comments?post=8"}],"version-history":[{"count":4,"href":"https:\/\/szalmahazak.hu\/index.php\/wp-json\/wp\/v2\/pages\/8\/revisions"}],"predecessor-version":[{"id":124,"href":"https:\/\/szalmahazak.hu\/index.php\/wp-json\/wp\/v2\/pages\/8\/revisions\/124"}],"wp:attachment":[{"href":"https:\/\/szalmahazak.hu\/index.php\/wp-json\/wp\/v2\/media?parent=8"}],"curies":[{"name":"wp","href":"https:\/\/api.w.org\/{rel}","templated":true}]}}