{"id":11,"date":"2018-10-20T08:48:00","date_gmt":"2018-10-20T08:48:00","guid":{"rendered":"https:\/\/szalmahazak.hu\/?page_id=11"},"modified":"2018-10-21T11:04:31","modified_gmt":"2018-10-21T11:04:31","slug":"kapcsolat","status":"publish","type":"page","link":"https:\/\/szalmahazak.hu\/index.php\/kapcsolat\/","title":{"rendered":"Kapcsolat"},"content":{"rendered":"<div id=\"themify_builder_content-11\" data-postid=\"11\" class=\"themify_builder_content themify_builder_content-11 themify_builder\">\n\n    \t\t\t\t<!-- module_row -->\n\t\t<div  class=\"themify_builder_row module_row clearfix module_row_0 themify_builder_11_row module_row_11-0\">\n\t\t\t\t\t\t<div class=\"row_inner col_align_top\" >\n                            \n\t\t<div  class=\"module_column tb-column col-full first tb_11_column module_column_0 module_column_11-0-0\" >\n                                                                <div class=\"tb-column-inner\">\n                            \n\n    <!-- module plain text -->\n    <div  id=\"plain-text-11-0-0-0\" class=\"module module-plain-text plain-text-11-0-0-0  \">\n        <!--insert-->\n        E-mail: info@szalmahazak.hu\n\n\n\n    <\/div>\n    <!-- \/module plain text -->\n\n                        <\/div>\n                    \t\t<\/div>\n\t\t                                <\/div>\n                                <!-- \/row_inner -->\n                        <\/div>\n                        <!-- \/module_row -->\n\t\t\t\t\t\t<!-- module_row -->\n\t\t<div  class=\"themify_builder_row module_row clearfix module_row_1 themify_builder_11_row module_row_11-1\">\n\t\t\t\t\t\t<div class=\"row_inner col_align_top\" >\n                            \n\t\t<div  class=\"module_column tb-column col-full first tb_11_column module_column_0 module_column_11-1-0\" >\n                                                                <div class=\"tb-column-inner\">\n                            \n\n    <!-- module plain text -->\n    <div  id=\"plain-text-11-1-0-0\" class=\"module module-plain-text plain-text-11-1-0-0  \">\n        <!--insert-->\n        \n\nTelefon: +36-70-251-4976\n\n    <\/div>\n    <!-- \/module plain text -->\n\n                        <\/div>\n                    \t\t<\/div>\n\t\t                                <\/div>\n                                <!-- \/row_inner -->\n                        <\/div>\n                        <!-- \/module_row -->\n\t\t\t\t\t\t<!-- module_row -->\n\t\t<div  class=\"themify_builder_row module_row clearfix module_row_2 themify_builder_11_row module_row_11-2\">\n\t\t\t\t\t\t<div class=\"row_inner col_align_top\" >\n                            \n\t\t<div  class=\"module_column tb-column col-full first tb_11_column module_column_0 module_column_11-2-0\" >\n                                                                <div class=\"tb-column-inner\">\n                            \n\n    <!-- module plain text -->\n    <div  id=\"plain-text-11-2-0-0\" class=\"module module-plain-text plain-text-11-2-0-0  \">\n        <!--insert-->\n        \n\nSzem\u00e9lyesen: telefonon el\u0151re egyeztetett helysz\u00ednen\n\n    <\/div>\n    <!-- \/module plain text -->\n\n                        <\/div>\n                    \t\t<\/div>\n\t\t                                <\/div>\n                                <!-- \/row_inner -->\n                        <\/div>\n                        <!-- \/module_row -->\n\t\t\t\t\t\t<!-- module_row -->\n\t\t<div  class=\"themify_builder_row module_row clearfix module_row_3 themify_builder_11_row module_row_11-3\">\n\t\t\t\t\t\t<div class=\"row_inner col_align_top\" >\n                            \n\t\t<div  class=\"module_column tb-column col-full first tb_11_column module_column_0 module_column_11-3-0\" >\n                                                                <div class=\"tb-column-inner\">\n                            \n\n    <!-- module plain text -->\n    <div  id=\"plain-text-11-3-0-0\" class=\"module module-plain-text plain-text-11-3-0-0  \">\n        <!--insert-->\n        \n\nNHSZ\u00d6V\n    <\/div>\n    <!-- \/module plain text -->\n\n                        <\/div>\n                    \t\t<\/div>\n\t\t                                <\/div>\n                                <!-- \/row_inner -->\n                        <\/div>\n                        <!-- \/module_row -->\n\t\t\t\t\t\t<!-- module_row -->\n\t\t<div  class=\"themify_builder_row module_row clearfix module_row_4 themify_builder_11_row module_row_11-4\">\n\t\t\t\t\t\t<div class=\"row_inner col_align_top\" >\n                            \n\t\t<div  class=\"module_column tb-column col-full first tb_11_column module_column_0 module_column_11-4-0\" >\n                                                                <div class=\"tb-column-inner\">\n                            \n\n    <!-- module plain text -->\n    <div  id=\"plain-text-11-4-0-0\" class=\"module module-plain-text plain-text-11-4-0-0  \">\n        <!--insert-->\n        \n(Nagy Hum\u00e1n K+F Szoci\u00e1lis Sz\u00f6vetkezet)\n    <\/div>\n    <!-- \/module plain text -->\n\n                        <\/div>\n                    \t\t<\/div>\n\t\t                                <\/div>\n                                <!-- \/row_inner -->\n                        <\/div>\n                        <!-- \/module_row -->\n\t\t\t\t\t\t<!-- module_row -->\n\t\t<div  class=\"themify_builder_row module_row clearfix module_row_5 themify_builder_11_row module_row_11-5\">\n\t\t\t\t\t\t<div class=\"row_inner col_align_top\" >\n                            \n\t\t<div  class=\"module_column tb-column col-full first tb_11_column module_column_0 module_column_11-5-0\" >\n                                                                <div class=\"tb-column-inner\">\n                            \n\n    <!-- module plain text -->\n    <div  id=\"plain-text-11-5-0-0\" class=\"module module-plain-text plain-text-11-5-0-0  \">\n        <!--insert-->\n        \nAd\u00f3sz\u00e1m: 24289786-1-16    <\/div>\n    <!-- \/module plain text -->\n\n                        <\/div>\n                    \t\t<\/div>\n\t\t                                <\/div>\n                                <!-- \/row_inner -->\n                        <\/div>\n                        <!-- \/module_row -->\n\t\t\t\t\t\t<!-- module_row -->\n\t\t<div  class=\"themify_builder_row module_row clearfix module_row_6 themify_builder_11_row module_row_11-6\">\n\t\t\t\t\t\t<div class=\"row_inner col_align_top\" >\n                            \n\t\t<div  class=\"module_column tb-column col-full first tb_11_column module_column_0 module_column_11-6-0\" >\n                                                                <div class=\"tb-column-inner\">\n                            \n\n\n    <!-- module widget -->\n    <div  id=\"widget-11-6-0-0\" class=\"module module-widget widget-11-6-0-0  repeat \">\n        <!--insert-->\n        <div class=\"widget wpforms-widget\"><h2 class=\"widgettitle\">\u00cdrjon nek\u00fcnk!<\/h2><div class=\"wpforms-container wpforms-container-full\" id=\"wpforms-18\"><form id=\"wpforms-form-18\" class=\"wpforms-validate wpforms-form\" data-formid=\"18\" method=\"post\" enctype=\"multipart\/form-data\" action=\"\/index.php\/wp-json\/wp\/v2\/pages\/11\"><div class=\"wpforms-field-container\"><div id=\"wpforms-18-field_0-container\" class=\"wpforms-field wpforms-field-name\" data-field-id=\"0\"><label class=\"wpforms-field-label\" for=\"wpforms-18-field_0\">N\u00e9v <span class=\"wpforms-required-label\">*<\/span><\/label><input type=\"text\" id=\"wpforms-18-field_0\" class=\"wpforms-field-medium wpforms-field-required\" name=\"wpforms[fields][0]\" required><\/div><div id=\"wpforms-18-field_1-container\" class=\"wpforms-field wpforms-field-email\" data-field-id=\"1\"><label class=\"wpforms-field-label\" for=\"wpforms-18-field_1\">Email <span class=\"wpforms-required-label\">*<\/span><\/label><input type=\"email\" id=\"wpforms-18-field_1\" class=\"wpforms-field-medium wpforms-field-required\" name=\"wpforms[fields][1]\" required><\/div><div id=\"wpforms-18-field_2-container\" class=\"wpforms-field wpforms-field-textarea\" data-field-id=\"2\"><label class=\"wpforms-field-label\" for=\"wpforms-18-field_2\">\u00dczenet <span class=\"wpforms-required-label\">*<\/span><\/label><textarea id=\"wpforms-18-field_2\" class=\"wpforms-field-medium wpforms-field-required\" name=\"wpforms[fields][2]\" required><\/textarea><\/div><\/div><div class=\"wpforms-field wpforms-field-hp\"><label for=\"wpforms-18-field-hp\" class=\"wpforms-field-label\">Comment<\/label><input type=\"text\" name=\"wpforms[hp]\" id=\"wpforms-18-field-hp\" class=\"wpforms-field-medium\"><\/div><div class=\"wpforms-submit-container\" ><input type=\"hidden\" name=\"wpforms[id]\" value=\"18\"><input type=\"hidden\" name=\"wpforms[author]\" value=\"1\"><button type=\"submit\" name=\"wpforms[submit]\" class=\"wpforms-submit \" id=\"wpforms-submit-18\" value=\"wpforms-submit\" data-alt-text=\"K\u00fcld\u00e9s folyamatban...\">K\u00fcld\u00e9s<\/button><\/div><\/form><\/div><\/div>    <\/div>\n    <!-- \/module widget -->\n\n                        <\/div>\n                    \t\t<\/div>\n\t\t                                <\/div>\n                                <!-- \/row_inner -->\n                        <\/div>\n                        <!-- \/module_row -->\n\t\t<\/div>\n","protected":false},"excerpt":{"rendered":"<p>E-mail: info@szalmahazak.hu Telefon: +36-70-251-4976 Szem\u00e9lyesen: telefonon el\u0151re egyeztetett helysz\u00ednen NHSZ\u00d6V (Nagy Hum\u00e1n K+F Szoci\u00e1lis Sz\u00f6vetkezet) Ad\u00f3sz\u00e1m: 24289786-1-16 \u00cdrjon nek\u00fcnk! N\u00e9v *Email *\u00dczenet *MessageK\u00fcld\u00e9s<\/p>\n","protected":false},"author":1,"featured_media":0,"parent":0,"menu_order":0,"comment_status":"closed","ping_status":"closed","template":"","meta":[],"_links":{"self":[{"href":"https:\/\/szalmahazak.hu\/index.php\/wp-json\/wp\/v2\/pages\/11"}],"collection":[{"href":"https:\/\/szalmahazak.hu\/index.php\/wp-json\/wp\/v2\/pages"}],"about":[{"href":"https:\/\/szalmahazak.hu\/index.php\/wp-json\/wp\/v2\/types\/page"}],"author":[{"embeddable":true,"href":"https:\/\/szalmahazak.hu\/index.php\/wp-json\/wp\/v2\/users\/1"}],"replies":[{"embeddable":true,"href":"https:\/\/szalmahazak.hu\/index.php\/wp-json\/wp\/v2\/comments?post=11"}],"version-history":[{"count":19,"href":"https:\/\/szalmahazak.hu\/index.php\/wp-json\/wp\/v2\/pages\/11\/revisions"}],"predecessor-version":[{"id":145,"href":"https:\/\/szalmahazak.hu\/index.php\/wp-json\/wp\/v2\/pages\/11\/revisions\/145"}],"wp:attachment":[{"href":"https:\/\/szalmahazak.hu\/index.php\/wp-json\/wp\/v2\/media?parent=11"}],"curies":[{"name":"wp","href":"https:\/\/api.w.org\/{rel}","templated":true}]}}